{"id":585,"date":"2026-04-10T15:43:07","date_gmt":"2026-04-10T15:43:07","guid":{"rendered":"https:\/\/leadforward.space\/lead-forward\/"},"modified":"2026-04-18T10:22:43","modified_gmt":"2026-04-18T10:22:43","slug":"lead-forward","status":"publish","type":"page","link":"https:\/\/leadforward.space\/en\/","title":{"rendered":"Lead Forward"},"content":{"rendered":"\n\n  <div class=\"banner has-hover has-parallax\" id=\"banner-867672168\">\n          <div class=\"banner-inner fill\">\n        <div class=\"banner-bg fill\" data-parallax=\"-4\" data-parallax-container=\".banner\" data-parallax-background>\n            <div class=\"bg fill bg-fill \"><\/div>\n                        <div class=\"overlay\"><\/div>            \n                    <\/div>\n\t\t\n        <div class=\"banner-layers container\">\n            <a class=\"fill\" href=\"Portfolio\"  ><div class=\"fill banner-link\"><\/div><\/a>            \n\n   <div id=\"text-box-1278334966\" class=\"text-box banner-layer x100 md-x50 lg-x50 y50 md-y50 lg-y95 res-text\">\n                     <div data-animate=\"fadeInRight\">           <div class=\"text-box-content text dark text-shadow-1\">\n              \n              <div class=\"text-inner text-center\">\n                  \n\n\t<div id=\"text-193210489\" class=\"text\">\n\t\t\n\n<h3 class=\"uppercase\" style=\"text-align: left;\"><strong><span style=\"font-size: 60%;\" data-line-height=\"xs\">From Challenge To Possibility<\/span><\/strong><\/h3>\n<h2 class=\"uppercase\" style=\"text-align: left;\"><strong><span style=\"font-size: 150%; color: #ff9900;\" data-line-height=\"xs\">Grow StrongeR<\/span><\/strong><span style=\"color: #ff9900; font-size: 150%;\"><strong>\u00a0<br \/><\/strong><\/span><span style=\"color: #ff9900; font-size: 150%;\"><strong>Lead Better<br \/><\/strong><\/span><strong><span style=\"font-size: 150%;\" data-line-height=\"xs\">Be You<\/span><\/strong><\/h2>\n\t\t\n<style>\n#text-193210489 {\n  font-size: 0.75rem;\n}\n@media (min-width:550px) {\n  #text-193210489 {\n    font-size: 0.9rem;\n  }\n}\n@media (min-width:850px) {\n  #text-193210489 {\n    font-size: 1.6rem;\n  }\n}\n<\/style>\n\t<\/div>\n\t\n\t<div id=\"gap-1516781673\" class=\"gap-element clearfix\" style=\"display:block; height:auto;\">\n\t\t\n<style>\n#gap-1516781673 {\n  padding-top: 41px;\n}\n@media (min-width:550px) {\n  #gap-1516781673 {\n    padding-top: 49px;\n  }\n}\n@media (min-width:850px) {\n  #gap-1516781673 {\n    padding-top: 104px;\n  }\n}\n<\/style>\n\t<\/div>\n\t\n\n<div class=\"row\"  id=\"row-704880111\">\n\n\n\t<div id=\"col-1306299413\" class=\"col medium-7 small-7 large-7\"  data-animate=\"fadeInUp\">\n\t\t\t\t<div class=\"col-inner text-left\"  >\n\t\t\t\n\t\t\t\n\n<a data-animate=\"fadeInLeft\" href=\"https:\/\/leadforward.space\/resilience-intelligence\/\" target=\"_self\" class=\"button white is-outline is-smaller\"  style=\"padding:4px 30px 5px 30px;\">\n    <span>Grow Stronger<\/span>\n  <\/a>\n\n\n<a data-animate=\"fadeInLeft\" href=\"https:\/\/leadforward.space\/shape-to-lead\/\" target=\"_self\" class=\"button white is-outline is-smaller\"  style=\"padding:4px 30px 5px 30px;\">\n    <span>Lead Better<\/span>\n  <\/a>\n\n\n<a data-animate=\"fadeInLeft\" href=\"https:\/\/leadforward.space\/project-me\/\" target=\"_self\" class=\"button white is-outline is-smaller\"  style=\"padding:4px 30px 5px 30px;\">\n    <span>Be You<\/span>\n  <\/a>\n\n\n\n\t\t<\/div>\n\t\t\t\t\n<style>\n#col-1306299413 > .col-inner {\n  padding: 0px 0px 0px 0px;\n  margin: 0px 0px 0px -85px;\n}\n@media (min-width:550px) {\n  #col-1306299413 > .col-inner {\n    margin: 0px 0px 0px 0px;\n  }\n}\n<\/style>\n\t<\/div>\n\n\t\n\n<\/div>\n\n              <\/div>\n           <\/div>\n       <\/div>                     \n<style>\n#text-box-1278334966 {\n  width: 94%;\n}\n#text-box-1278334966 .text-box-content {\n  font-size: 131%;\n}\n@media (min-width:550px) {\n  #text-box-1278334966 {\n    width: 90%;\n  }\n  #text-box-1278334966 .text-box-content {\n    font-size: 100%;\n  }\n}\n@media (min-width:850px) {\n  #text-box-1278334966 {\n    width: 100%;\n  }\n}\n<\/style>\n    <\/div>\n \n\t<div class=\"img has-hover x90 md-x95 lg-x100 y5 md-y10 lg-y10\" id=\"image_923480864\">\n\t\t\t\t\t\t\t\t<div class=\"img-inner dark\" >\n\t\t\t<img loading=\"lazy\" decoding=\"async\" width=\"308\" height=\"288\" src=\"https:\/\/leadforward.space\/wp-content\/uploads\/2026\/03\/Icon.png\" class=\"attachment-original size-original\" alt=\"Hanneke, fisch &amp; friends\" \/>\t\t\t\t\t\t\n\t\t\t\t\t<\/div>\n\t\t\t\t\t\t\t\t\n<style>\n#image_923480864 {\n  width: 15%;\n}\n@media (min-width:550px) {\n  #image_923480864 {\n    width: 10%;\n  }\n}\n<\/style>\n\t<\/div>\n\t\n\n\n        <\/div>\n      <\/div>\n\n            \n<style>\n#banner-867672168 {\n  padding-top: 130%;\n  background-color: rgb(255,255,255);\n}\n#banner-867672168 .bg.bg-loaded {\n  background-image: url(https:\/\/leadforward.space\/wp-content\/uploads\/2026\/03\/IMG_3453SW-scaled.jpg);\n}\n#banner-867672168 .overlay {\n  background-color: rgba(30, 49, 53, 0.622);\n}\n#banner-867672168 .bg {\n  background-position: 0% 100%;\n}\n#banner-867672168 .ux-shape-divider--top svg {\n  height: 150px;\n  --divider-top-width: 100%;\n}\n#banner-867672168 .ux-shape-divider--bottom svg {\n  height: 150px;\n  --divider-width: 100%;\n}\n@media (min-width:550px) {\n  #banner-867672168 {\n    padding-top: 54%;\n  }\n}\n@media (min-width:850px) {\n  #banner-867672168 {\n    padding-top: 55%;\n  }\n}\n<\/style>\n  <\/div>\n\n\n\t<div id=\"gap-1627611016\" class=\"gap-element clearfix\" style=\"display:block; height:auto;\">\n\t\t\n<style>\n#gap-1627611016 {\n  padding-top: 17px;\n}\n@media (min-width:850px) {\n  #gap-1627611016 {\n    padding-top: 50px;\n  }\n}\n<\/style>\n\t<\/div>\n\t\n\n\t<div id=\"gap-2052177419\" class=\"gap-element clearfix\" style=\"display:block; height:auto;\">\n\t\t\n<style>\n#gap-2052177419 {\n  padding-top: 21px;\n}\n@media (min-width:850px) {\n  #gap-2052177419 {\n    padding-top: 76px;\n  }\n}\n<\/style>\n\t<\/div>\n\t\n\n\t<div id=\"gap-461731934\" class=\"gap-element clearfix\" style=\"display:block; height:auto;\">\n\t\t\n<style>\n#gap-461731934 {\n  padding-top: 8px;\n}\n@media (min-width:550px) {\n  #gap-461731934 {\n    padding-top: 30px;\n  }\n}\n<\/style>\n\t<\/div>\n\t\n\n<div class=\"row\"  id=\"row-137196615\">\n\n\n\t<div id=\"col-129736734\" class=\"col medium-6 small-12 large-6\"  >\n\t\t\t\t<div class=\"col-inner\"  >\n\t\t\t\n\t\t\t\n\n\t<div id=\"text-159839325\" class=\"text\">\n\t\t\n\n<h1 class=\"uppercase\"><strong>Weg der pers\u00f6nlichen Weiterentwicklung <\/strong><\/h1>\n<p><strong>LEAD FORWARD<\/strong> steht f\u00fcr bewusste Selbstf\u00fchrung, zeitgem\u00e4\u00dfe F\u00fchrung anderer und nachhaltige pers\u00f6nliche Entwicklung. In einer Welt st\u00e4ndiger Ver\u00e4nderung brauchen wir mehr als Methoden: Wir brauchen Klarheit und Purpose, innere St\u00e4rke und eine pers\u00f6nliche Vision. Und die F\u00e4higkeit, sich selbst und andere wirksam zu f\u00fchren.<\/p>\n<p>Unsere Programme verbinden St\u00e4rkung der eigenen und kollektiven Resilienz, Management &amp; Leadership Development, sowie eine bewusste pers\u00f6nliche Neuausrichtung zu einem ganzheitlichen Entwicklungsweg \u2013 reflektiert, praxisnah und zukunftsorientiert.<\/p>\n<p>\u00a0<\/p>\n<p>\u00a0<\/p>\n\t\t\n<style>\n#text-159839325 {\n  font-size: 0.85rem;\n}\n@media (min-width:550px) {\n  #text-159839325 {\n    font-size: 0.9rem;\n  }\n}\n@media (min-width:850px) {\n  #text-159839325 {\n    font-size: 1rem;\n  }\n}\n<\/style>\n\t<\/div>\n\t\n\n\t\t<\/div>\n\t\t\t\t\t<\/div>\n\n\t\n\n\t<div id=\"col-1257224444\" class=\"col medium-6 small-12 large-6\"  >\n\t\t\t\t<div class=\"col-inner\"  >\n\t\t\t\n\t\t\t\n\n\t<div id=\"text-3412913596\" class=\"text\">\n\t\t\n\n<p><strong>DER KERN UNSERER ARBEIT:<\/strong> Wir begleiten Menschen dabei, Verantwortung bewusst und Entwicklung von innen heraus zu gestalten \u2013 und dabei bei sich selbst zu beginnen. Mutig, menschlich und wirksam.<\/p>\n<p><strong>UNSERE DREI ENTWICKLUNGSFELDER:<\/strong><\/p>\n<ul>\n<li><strong>Grow Stronger:<\/strong> Resilience Intelligence \u2013 innere St\u00e4rke entwickeln<\/li>\n<li><strong>Lead Better: <\/strong>Shape to Lead \u2013 F\u00fchrung effektiv gestalten<\/li>\n<li><strong>Be You:<\/strong> Project Me \u2013 neue Kapitel aufschlagen<\/li>\n<\/ul>\n\t\t\n<style>\n#text-3412913596 {\n  font-size: 0.85rem;\n}\n@media (min-width:550px) {\n  #text-3412913596 {\n    font-size: 0.9rem;\n  }\n}\n@media (min-width:850px) {\n  #text-3412913596 {\n    font-size: 1rem;\n  }\n}\n<\/style>\n\t<\/div>\n\t\n\t<div id=\"gap-749745658\" class=\"gap-element clearfix\" style=\"display:block; height:auto;\">\n\t\t\n<style>\n#gap-749745658 {\n  padding-top: 45px;\n}\n<\/style>\n\t<\/div>\n\t\n\n<a href=\"https:\/\/leadforward.space\/kontakt\/\" target=\"_self\" class=\"button primary\"  >\n    <span>Kontakt aufnehmen<\/span>\n  <\/a>\n\n\n\n\t\t<\/div>\n\t\t\t\t\n<style>\n#col-1257224444 > .col-inner {\n  padding: 0px 0px 0px 0px;\n}\n@media (min-width:550px) {\n  #col-1257224444 > .col-inner {\n    padding: 39px 0px 0px 0px;\n  }\n}\n<\/style>\n\t<\/div>\n\n\t\n\n<\/div>\n\t<div id=\"gap-1735132331\" class=\"gap-element clearfix\" style=\"display:block; height:auto;\">\n\t\t\n<style>\n#gap-1735132331 {\n  padding-top: 23px;\n}\n@media (min-width:550px) {\n  #gap-1735132331 {\n    padding-top: 38px;\n  }\n}\n@media (min-width:850px) {\n  #gap-1735132331 {\n    padding-top: 94px;\n  }\n}\n<\/style>\n\t<\/div>\n\t\n\n\n  <div class=\"banner has-hover bg-zoom-long has-parallax\" id=\"banner-324392724\">\n          <div class=\"banner-inner fill\">\n        <div class=\"banner-bg fill\" data-parallax=\"-5\" data-parallax-container=\".banner\" data-parallax-background>\n            <div class=\"bg fill bg-fill \"><\/div>\n                        <div class=\"overlay\"><\/div>            \n                    <\/div>\n\t\t\n        <div class=\"banner-layers container\">\n            <div class=\"fill banner-link\"><\/div>            \n\n   <div id=\"text-box-2062941954\" class=\"text-box banner-layer x95 md-x95 lg-x95 y80 md-y80 lg-y80 res-text\">\n                                <div class=\"text-box-content text dark\">\n              \n              <div class=\"text-inner text-center\">\n                  \n\n\t<div id=\"text-1731008401\" class=\"text\">\n\t\t\n\n<h3 class=\"uppercase\" style=\"text-align: right;\"><strong>Die schwierigste Aufgabe im Leben besteht darin, sich selbst zu ver\u00e4ndern.<\/strong><\/h3>\n<h5 class=\"uppercase\" style=\"text-align: right;\"><span style=\"font-size: 90%;\">Nelson Mandela<\/span><\/h5>\n\t\t\n<style>\n#text-1731008401 {\n  font-size: 0.75rem;\n}\n@media (min-width:550px) {\n  #text-1731008401 {\n    font-size: 0.75rem;\n  }\n}\n<\/style>\n\t<\/div>\n\t\n\n              <\/div>\n           <\/div>\n                            \n<style>\n#text-box-2062941954 {\n  width: 75%;\n}\n#text-box-2062941954 .text-box-content {\n  font-size: 100%;\n}\n@media (min-width:550px) {\n  #text-box-2062941954 {\n    width: 60%;\n  }\n}\n<\/style>\n    <\/div>\n \n\n        <\/div>\n      <\/div>\n\n            \n<style>\n#banner-324392724 {\n  padding-top: 292px;\n  background-color: rgb(255, 255, 255);\n}\n#banner-324392724 .bg.bg-loaded {\n  background-image: url(https:\/\/leadforward.space\/wp-content\/uploads\/2026\/02\/BA2D04A3-ABCB-4711-9C0C-456BAEE1CC35-scaled.jpg);\n}\n#banner-324392724 .overlay {\n  background-color: rgba(4, 25, 29, 0);\n}\n#banner-324392724 .bg {\n  background-position: 7% 54%;\n}\n#banner-324392724 .ux-shape-divider--top svg {\n  height: 150px;\n  --divider-top-width: 100%;\n}\n#banner-324392724 .ux-shape-divider--bottom svg {\n  height: 150px;\n  --divider-width: 100%;\n}\n@media (min-width:550px) {\n  #banner-324392724 {\n    padding-top: 382px;\n  }\n}\n@media (min-width:850px) {\n  #banner-324392724 {\n    padding-top: 582px;\n  }\n}\n<\/style>\n  <\/div>\n\n\n\t<div id=\"gap-1502597558\" class=\"gap-element clearfix\" style=\"display:block; height:auto;\">\n\t\t\n<style>\n#gap-1502597558 {\n  padding-top: 13px;\n}\n@media (min-width:550px) {\n  #gap-1502597558 {\n    padding-top: 39px;\n  }\n}\n@media (min-width:850px) {\n  #gap-1502597558 {\n    padding-top: 83px;\n  }\n}\n<\/style>\n\t<\/div>\n\t\n\n\t<div id=\"gap-6883613\" class=\"gap-element clearfix\" style=\"display:block; height:auto;\">\n\t\t\n<style>\n#gap-6883613 {\n  padding-top: 30px;\n}\n<\/style>\n\t<\/div>\n\t\n\n<div class=\"row\"  id=\"row-1532753950\">\n\n\n\t<div id=\"col-830384691\" class=\"col small-12 large-12\"  >\n\t\t\t\t<div class=\"col-inner\"  >\n\t\t\t\n\t\t\t\n\n\t<div id=\"text-2033250469\" class=\"text\">\n\t\t\n\n<h3 style=\"text-align: center;\" data-line-height=\"m\"><strong>GETRAGEN VON LANGJ\u00c4HRIGER ERFAHRUNG <br \/>IN LEADERSHIP DEVELOPMENT &amp; COACHING<\/strong><\/h3>\n\t\t\n<style>\n#text-2033250469 {\n  font-size: 1.1rem;\n}\n@media (min-width:550px) {\n  #text-2033250469 {\n    font-size: 1.5rem;\n  }\n}\n<\/style>\n\t<\/div>\n\t\n\n\t\t<\/div>\n\t\t\t\t\t<\/div>\n\n\t\n\n<\/div>\n<div class=\"row\"  id=\"row-2041483507\">\n\n\n\t<div id=\"col-1777083323\" class=\"col medium-6 small-12 large-6\"  >\n\t\t\t\t<div class=\"col-inner\"  >\n\t\t\t\n\t\t\t\n\n\t<div id=\"text-675053956\" class=\"text\">\n\t\t\n\n<p><strong>LEAD FORWARD <\/strong>wurde aus unserer t\u00e4glichen Arbeit mit Einzelpersonen, F\u00fchrungskr\u00e4ften und Teams entwickelt. Die Inhalte, Methoden und Haltungen des Programms spiegeln unsere \u00dcberzeugung wider, dass nachhaltige Entwicklung beim Einzelnen selbst, bei der pers\u00f6nlichen Selbstf\u00fchrung beginnt.<\/p>\n\t\t\n<style>\n#text-675053956 {\n  font-size: 0.85rem;\n}\n@media (min-width:550px) {\n  #text-675053956 {\n    font-size: 0.9rem;\n  }\n}\n@media (min-width:850px) {\n  #text-675053956 {\n    font-size: 1rem;\n  }\n}\n<\/style>\n\t<\/div>\n\t\n\n\t\t<\/div>\n\t\t\t\t\t<\/div>\n\n\t\n\n\t<div id=\"col-1269114583\" class=\"col medium-6 small-12 large-6\"  >\n\t\t\t\t<div class=\"col-inner\"  >\n\t\t\t\n\t\t\t\n\n\t<div id=\"text-3167388413\" class=\"text\">\n\t\t\n\n<p>Lernen Sie das Unternehmen kennen, das hinter <em>Lead Forward<\/em> steht.<\/p>\n<p>Hier finden Sie einen \u00dcberblick \u00fcber unser gesamtes Leistungsportfolio, unsere Haltung und unsere Arbeitsweise.<\/p>\n<p>\u00a0<\/p>\n\t\t\n<style>\n#text-3167388413 {\n  font-size: 0.85rem;\n}\n@media (min-width:550px) {\n  #text-3167388413 {\n    font-size: 0.9rem;\n  }\n}\n@media (min-width:850px) {\n  #text-3167388413 {\n    font-size: 1rem;\n  }\n}\n<\/style>\n\t<\/div>\n\t\n<a rel=\"noopener noreferrer\" href=\"https:\/\/www.fischandfriends.com\/\" target=\"_blank\" class=\"button success\"  >\n    <span>Mehr \u00fcber fisch & friends<\/span>\n  <\/a>\n\n\n\n\t\t<\/div>\n\t\t\t\t\n<style>\n#col-1269114583 > .col-inner {\n  padding: 0px 0px 0px 0px;\n}\n<\/style>\n\t<\/div>\n\n\t\n\n<\/div>\n\t<div id=\"gap-1369698251\" class=\"gap-element clearfix\" style=\"display:block; height:auto;\">\n\t\t\n<style>\n#gap-1369698251 {\n  padding-top: 15px;\n}\n@media (min-width:550px) {\n  #gap-1369698251 {\n    padding-top: 50px;\n  }\n}\n<\/style>\n\t<\/div>\n\t\n\n\t<div id=\"gap-825248803\" class=\"gap-element clearfix\" style=\"display:block; height:auto;\">\n\t\t\n<style>\n#gap-825248803 {\n  padding-top: 30px;\n}\n<\/style>\n\t<\/div>\n\t\n\n\t<section class=\"section dark\" id=\"section_2117603136\">\n\t\t<div class=\"bg section-bg fill bg-fill  \" >\n\n\t\t\t\n\t\t\t<div class=\"section-bg-overlay absolute fill\"><\/div>\n\t\t\t\n\t<div class=\"is-border\"\n\t\tstyle=\"border-width:1px 0px 1px 0px;\">\n\t<\/div>\n\n\t\t<\/div>\n\n\t\t\n\n\t\t<div class=\"section-content relative\">\n\t\t\t\n\n<div class=\"row align-center\"  id=\"row-4772980\">\n\n\n\t<div id=\"col-651896396\" class=\"col small-12 large-12\"  >\n\t\t\t\t<div class=\"col-inner text-center\"  >\n\t\t\t\n\t\t\t\n\n\t<div id=\"text-4005332507\" class=\"text\">\n\t\t\n\n<h1><span style=\"font-size: 110%;\"><strong>LASSEN SIE UNS INS GESPR\u00c4CH KOMMEN.<\/strong><\/span><\/h1>\n<p><strong><span>WIR FREUEN UNS AUF DEN AUSTAUSCH MIT IHNEN.<\/span><\/strong><\/p>\n\t\t\n<style>\n#text-4005332507 {\n  font-size: 0.85rem;\n}\n@media (min-width:550px) {\n  #text-4005332507 {\n    font-size: 0.9rem;\n  }\n}\n@media (min-width:850px) {\n  #text-4005332507 {\n    font-size: 1rem;\n  }\n}\n<\/style>\n\t<\/div>\n\t\n<a href=\"https:\/\/leadforward.space\/kontakt\/\" target=\"_self\" class=\"button primary\"  >\n    <span>Kontakt<\/span>\n  <\/a>\n\n\n\n\t\t<\/div>\n\t\t\t\t\t<\/div>\n\n\t\n\n<\/div>\n\n\t\t<\/div>\n\n\t\t\n<style>\n#section_2117603136 {\n  padding-top: 58px;\n  padding-bottom: 58px;\n  background-color: rgb(0, 0, 0);\n}\n#section_2117603136 .section-bg-overlay {\n  background-color: rgba(5, 23, 26, 0);\n}\n#section_2117603136 .section-bg.bg-loaded {\n  background-image: 279;\n}\n#section_2117603136 .ux-shape-divider--top svg {\n  height: 150px;\n  --divider-top-width: 100%;\n}\n#section_2117603136 .ux-shape-divider--bottom svg {\n  height: 150px;\n  --divider-width: 100%;\n}\n@media (min-width:550px) {\n  #section_2117603136 {\n    padding-top: 78px;\n    padding-bottom: 78px;\n  }\n}\n<\/style>\n\t<\/section>\n\t\n\n","protected":false},"excerpt":{"rendered":"","protected":false},"author":1,"featured_media":0,"parent":0,"menu_order":0,"comment_status":"closed","ping_status":"closed","template":"page-header-on-scroll.php","meta":{"footnotes":""},"class_list":["post-585","page","type-page","status-publish","hentry"],"aioseo_notices":[],"_links":{"self":[{"href":"https:\/\/leadforward.space\/en\/wp-json\/wp\/v2\/pages\/585","targetHints":{"allow":["GET"]}}],"collection":[{"href":"https:\/\/leadforward.space\/en\/wp-json\/wp\/v2\/pages"}],"about":[{"href":"https:\/\/leadforward.space\/en\/wp-json\/wp\/v2\/types\/page"}],"author":[{"embeddable":true,"href":"https:\/\/leadforward.space\/en\/wp-json\/wp\/v2\/users\/1"}],"replies":[{"embeddable":true,"href":"https:\/\/leadforward.space\/en\/wp-json\/wp\/v2\/comments?post=585"}],"version-history":[{"count":101,"href":"https:\/\/leadforward.space\/en\/wp-json\/wp\/v2\/pages\/585\/revisions"}],"predecessor-version":[{"id":907,"href":"https:\/\/leadforward.space\/en\/wp-json\/wp\/v2\/pages\/585\/revisions\/907"}],"wp:attachment":[{"href":"https:\/\/leadforward.space\/en\/wp-json\/wp\/v2\/media?parent=585"}],"curies":[{"name":"wp","href":"https:\/\/api.w.org\/{rel}","templated":true}]}}